{"id":430,"date":"2022-07-01T17:16:43","date_gmt":"2022-07-01T15:16:43","guid":{"rendered":"https:\/\/www.abadas.it\/?page_id=430"},"modified":"2022-07-07T10:16:14","modified_gmt":"2022-07-07T08:16:14","slug":"chi-siamo","status":"publish","type":"page","link":"https:\/\/www.abadas.it\/index.php\/chi-siamo\/","title":{"rendered":"Chi Siamo"},"content":{"rendered":"\n<figure class=\"wp-block-image size-large\"><img loading=\"lazy\" decoding=\"async\" width=\"2000\" height=\"460\" src=\"https:\/\/www.abadas.it\/wp-content\/uploads\/2022\/07\/abanet-2000x460.jpg\" alt=\"\" class=\"wp-image-431\" srcset=\"https:\/\/www.abadas.it\/wp-content\/uploads\/2022\/07\/abanet-2000x460.jpg 2000w, https:\/\/www.abadas.it\/wp-content\/uploads\/2022\/07\/abanet-300x69.jpg 300w, https:\/\/www.abadas.it\/wp-content\/uploads\/2022\/07\/abanet-768x177.jpg 768w, https:\/\/www.abadas.it\/wp-content\/uploads\/2022\/07\/abanet-1536x353.jpg 1536w, https:\/\/www.abadas.it\/wp-content\/uploads\/2022\/07\/abanet-2048x471.jpg 2048w\" sizes=\"auto, (max-width: 2000px) 100vw, 2000px\" \/><figcaption>www.abanet.it<\/figcaption><\/figure>\n\n\n\n<div class=\"wp-block-columns is-layout-flex wp-container-core-columns-is-layout-9d6595d7 wp-block-columns-is-layout-flex\">\n<div class=\"wp-block-column is-layout-flow wp-block-column-is-layout-flow\" style=\"flex-basis:33.33%\">\n<div class=\"wp-block-image\"><figure class=\"aligncenter size-full\"><img loading=\"lazy\" decoding=\"async\" width=\"167\" height=\"66\" src=\"https:\/\/www.abadas.it\/wp-content\/uploads\/2022\/07\/abadas_piccolo.png\" alt=\"\" class=\"wp-image-432\"\/><\/figure><\/div>\n<\/div>\n\n\n\n<div class=\"wp-block-column is-layout-flow wp-block-column-is-layout-flow\" style=\"flex-basis:66.66%\">\n<h5 class=\"wp-block-heading\">Abaco Informatica S.r.l. \u00e8 un\u2019azienda indipendente<\/h5>\n\n\n\n<p>nata nel 1985 come Software House in ambito gestionale ed evolutasi in pochi anni in System House capace di offrire ai propri clienti soluzioni HW\/SW chiavi in mano.<\/p>\n\n\n\n<p>Dal 1989 al 1994 l\u2019azienda amplia il suo raggio d\u2019azione e la sua esperienza partecipando ad alcuni progetti nazionali ed Europei sul tema del \u2018Distance Learning\u2019 o Teledidattica, allargando le proprie competenze al campo delle Reti di Telecomunicazione e sviluppando la capacit\u00e0 affrontare con visione aperta progetti di grande dimensione.<\/p>\n\n\n\n<p>Nel 1995 Abaco diventa il primo Internet Service Provider della Provincia di Pesaro (Autorizzazione Ministeriale n\u00b0 138 del 28\/10\/1996) e adotta il marchio commerciale <strong>ABANET <\/strong>(fusione della due parole <strong>ABA<\/strong>co e inter<strong>NET<\/strong>).<\/p>\n\n\n\n<p><strong>ABANET <\/strong>inizia lo sviluppo del software ABADAS nel 1996, nella convinzione che per gli Enti di gestione del Diritto allo Studio sia strategico avere un Sistema Informativo omogeneo e specializzato.<\/p>\n\n\n\n<p><strong>ABANET <\/strong>oggi \u00e8 costituita da un team di 20 professionisti (analisti, sviluppatori, designers, sistemisti, esperti della net economy), \u00e8 diretta dai 2 soci (Claudio e Paolo Galeazzi), ha un fatturato annuo di circa 1.500.000 Euro ed un portafoglio di oltre 1000 clienti tra pubblici e privati.<\/p>\n\n\n\n<p>La missione di <strong>ABANET <\/strong>\u00e8 di individuare ed applicare le soluzioni tecnologiche ICT pi\u00f9 adatte a rendere Enti Pubblici ed Aziende Private pi\u00f9 efficienti, pi\u00f9 efficaci e pi\u00f9 competitivi, dialogando con i propri clienti in tutte le fasi del progetto e sopratutto assistendoli nella fase di esercizio del sistema stesso, per mantenere sempre aggiornata la soluzione adottata.<\/p>\n\n\n\n<p><em>Per maggiori informazioni<\/em>: <a href=\"http:\/\/www.abanet.it\" target=\"_blank\" rel=\"noreferrer noopener\">www.abanet.it<\/a><\/p>\n\n\n\n<p><\/p>\n<\/div>\n<\/div>\n","protected":false},"excerpt":{"rendered":"<p>Abaco Informatica S.r.<\/p>\n","protected":false},"author":1,"featured_media":0,"parent":0,"menu_order":0,"comment_status":"closed","ping_status":"closed","template":"page-nosidebar.php","meta":{"_eb_attr":"","footnotes":""},"tags":[],"class_list":["post-430","page","type-page","status-publish","hentry"],"_links":{"self":[{"href":"https:\/\/www.abadas.it\/index.php\/wp-json\/wp\/v2\/pages\/430","targetHints":{"allow":["GET"]}}],"collection":[{"href":"https:\/\/www.abadas.it\/index.php\/wp-json\/wp\/v2\/pages"}],"about":[{"href":"https:\/\/www.abadas.it\/index.php\/wp-json\/wp\/v2\/types\/page"}],"author":[{"embeddable":true,"href":"https:\/\/www.abadas.it\/index.php\/wp-json\/wp\/v2\/users\/1"}],"replies":[{"embeddable":true,"href":"https:\/\/www.abadas.it\/index.php\/wp-json\/wp\/v2\/comments?post=430"}],"version-history":[{"count":2,"href":"https:\/\/www.abadas.it\/index.php\/wp-json\/wp\/v2\/pages\/430\/revisions"}],"predecessor-version":[{"id":454,"href":"https:\/\/www.abadas.it\/index.php\/wp-json\/wp\/v2\/pages\/430\/revisions\/454"}],"wp:attachment":[{"href":"https:\/\/www.abadas.it\/index.php\/wp-json\/wp\/v2\/media?parent=430"}],"wp:term":[{"taxonomy":"post_tag","embeddable":true,"href":"https:\/\/www.abadas.it\/index.php\/wp-json\/wp\/v2\/tags?post=430"}],"curies":[{"name":"wp","href":"https:\/\/api.w.org\/{rel}","templated":true}]}}