{"id":339,"date":"2022-06-30T17:10:17","date_gmt":"2022-06-30T15:10:17","guid":{"rendered":"https:\/\/www.abadas.it\/?page_id=339"},"modified":"2022-07-08T09:10:14","modified_gmt":"2022-07-08T07:10:14","slug":"referenze","status":"publish","type":"page","link":"https:\/\/www.abadas.it\/index.php\/referenze\/","title":{"rendered":"Referenze"},"content":{"rendered":"\n<div class=\"wp-block-columns alignwide is-layout-flex wp-container-core-columns-is-layout-9d6595d7 wp-block-columns-is-layout-flex\">\n<div class=\"wp-block-column has-text-color has-background has-link-color wp-elements-66e3d858e0c3135ca7fcbfbe38aef33a is-layout-flow wp-block-column-is-layout-flow\" style=\"background-color:#f6f6f6;color:#000000;padding-top:2em;padding-right:2em;padding-bottom:2em;padding-left:2em\">\n<figure class=\"wp-block-image size-full\"><img loading=\"lazy\" decoding=\"async\" width=\"220\" height=\"130\" src=\"https:\/\/www.abadas.it\/wp-content\/uploads\/2022\/06\/urbino_logo_web.jpg\" alt=\"\" class=\"wp-image-368\"\/><\/figure>\n\n\n\n<h2 class=\"wp-block-heading\" id=\"single\" style=\"font-size:25px\"><strong>ERSU<\/strong><br><strong>Urbino<\/strong><\/h2>\n\n\n\n<p class=\"has-normal-font-size\" style=\"line-height:1.5\"><strong>Web: <a href=\"https:\/\/www.uniurb.it\/\" target=\"_blank\" rel=\"noreferrer noopener\">https:\/\/www.uniurb.it\/<\/a><\/strong><\/p>\n\n\n\n<hr class=\"wp-block-separator has-text-color has-background is-style-wide\" style=\"background-color:#000000;color:#000000\"\/>\n\n\n\n<p class=\"justify\">La Suite per la Gestione integrata degli interventi per il diritto allo Studio Universitario nasce dall\u2019esperienza di collaborazione con l\u2019E.R.S.U. di Urbino iniziata nel 2000.<\/p>\n\n\n\n<p class=\"justify\">Abanet ha accompagnato l\u2019Ente con la progettazione e la produzione di soluzioni software (moduli) che hanno fornito una risposta alle diverse esigenze e problematiche connesse alla gestione dei benefici e dei servizi per gli studenti che si sono delineate in questi anni.<\/p>\n\n\n\n<p class=\"justify\">La gestione delle domande e delle graduatorie di borse di studio, la gestione dei servizi mensa, la gestione dei servizi abitativi, la gestione delle sale multimediali e dei servizi editoriali ed i relativi pagamenti con borsellino elettronico, vengono oggi gestiti con un unico strumento.<br>Questo ha permesso il raggiungimento di un\u2019elevata qualit\u00e0 e un continuo monitoraggio dei servizi offerti.<\/p>\n\n\n\n<p class=\"justify\">Il personale ERSU utilizza per lo svolgimento del proprio lavoro applicativi software, perfettamente integrati con il proprio sistema informativo, e che gli consentono agevoli interazioni e comunicazioni, via web e via e-mail, con i propri utenti.<\/p>\n<\/div>\n\n\n\n<div class=\"wp-block-column has-text-color has-background has-link-color wp-elements-105bb7c9d25beaa7308a3571c000e287 is-layout-flow wp-block-column-is-layout-flow\" style=\"background-color:#f6f6f6;color:#000000;padding-top:2em;padding-right:2em;padding-bottom:2em;padding-left:2em\">\n<div class=\"wp-block-image\"><figure class=\"aligncenter size-full\"><img loading=\"lazy\" decoding=\"async\" width=\"220\" height=\"130\" src=\"https:\/\/www.abadas.it\/wp-content\/uploads\/2022\/06\/erdis_marche.jpg\" alt=\"\" class=\"wp-image-375\"\/><\/figure><\/div>\n\n\n\n<h2 class=\"wp-block-heading\" id=\"single\" style=\"font-size:25px\"><strong>ERDIS Macerata<\/strong><\/h2>\n\n\n\n<p class=\"has-normal-font-size\" style=\"line-height:1.5\"><strong>Web: <\/strong><a href=\"https:\/\/erdis.it\/\">https:\/\/erdis.it\/<\/a><\/p>\n\n\n\n<hr class=\"wp-block-separator has-text-color has-background is-style-wide\" style=\"background-color:#000000;color:#000000\"\/>\n\n\n\n<p>Dal 2010 l&#8217;E.R.S.U. di Macerata utilizza il modulo DPCM della suite ABADAS per la gestione completa delle Borse di Studio, dall&#8217;acquisizione online delle domanda fino alla pubblicazione delle graduaotire e al pagamento dei benefici.<\/p>\n\n\n\n<p>Il Modulo DPCM trasmette informazioni aggiornate, in tempo reale, al software di Gestione Ristorazione ed Alloggi, di propriet\u00e0 dell&#8217;Ente, a conferma della possibilit\u00e0 di integrare ABADAS in realt\u00e0 complesse ed eterogenee.<\/p>\n<\/div>\n\n\n\n<div class=\"wp-block-column has-text-color has-background has-link-color wp-elements-ed13ed736843bae27cfbc0be4d765666 is-layout-flow wp-block-column-is-layout-flow\" style=\"background-color:#f6f6f6;color:#000000;padding-top:2em;padding-right:2em;padding-bottom:2em;padding-left:2em\">\n<div class=\"wp-block-image\"><figure class=\"aligncenter size-full\"><img loading=\"lazy\" decoding=\"async\" width=\"220\" height=\"130\" src=\"https:\/\/www.abadas.it\/wp-content\/uploads\/2022\/06\/logo_adisurc.jpg\" alt=\"\" class=\"wp-image-351\"\/><\/figure><\/div>\n\n\n\n<h2 class=\"wp-block-heading\" id=\"single\" style=\"font-size:25px\"><strong>ADISU<\/strong><br><strong>Salerno<\/strong><\/h2>\n\n\n\n<p class=\"has-normal-font-size\" style=\"line-height:1.5\"><strong>Web: <\/strong><a href=\"https:\/\/www.adisurcampania.it\/\">https:\/\/www.adisurcampania.it\/<\/a><\/p>\n\n\n\n<hr class=\"wp-block-separator has-text-color has-background is-style-wide\" style=\"background-color:#000000;color:#000000\"\/>\n\n\n\n<p class=\"justify\">Dal 2005 l\u2019A.DI.SU di Salerno ha scelto <strong>Abanet<\/strong> come partner tecnologico per la gestione dei servizi di ristorazione e dei pagamenti mediante monetica.<\/p>\n\n\n\n<p>La nuova soluzione permette di gestire in tempo reale 2 sale mensa distinte (men\u00f9 differenziati) e 2 ristoranti convenzionati con l\u2019Ente per un totale di 13 punti di distribuzione:<\/p>\n\n\n\n<ul class=\"wp-block-list\"><li>3 linee self service gestite da terminale (senza personale dedicato alle operazioni di pagamento)<\/li><li>4 linee di emissione scontrino (es. flusso&nbsp; 2)<\/li><li>4 linee con cash control (con personale che registra le singole composizioni dei vassoi)<\/li><li>2 linee dislocate presso i ristoranti gestite con terminali<\/li><li>2 terminali di consultazione saldo e diversi terminali per la gestione dei versamenti.<\/li><\/ul>\n\n\n\n<p>Dal 2007 l\u2019 A.DI.SU di Salerno ha acquisito anche il modulo di <strong>Gestione del DPCM<\/strong>, dall&#8217;acquisizione della domanda Online (sia di borsa sia di tessera servizi), alla ripartizione dei fondi fino all&#8217;elaborazione della graduatoria.<\/p>\n\n\n\n<p><\/p>\n<\/div>\n\n\n\n<div class=\"wp-block-column has-text-color has-background has-link-color wp-elements-b020828aeb33e25fe9e63517c462467f is-layout-flow wp-block-column-is-layout-flow\" style=\"background-color:#f6f6f6;color:#000000;padding-top:2em;padding-right:2em;padding-bottom:2em;padding-left:2em\">\n<div class=\"wp-block-image\"><figure class=\"aligncenter size-full\"><img loading=\"lazy\" decoding=\"async\" width=\"220\" height=\"130\" src=\"https:\/\/www.abadas.it\/wp-content\/uploads\/2022\/06\/logo_adisurc.jpg\" alt=\"\" class=\"wp-image-351\"\/><\/figure><\/div>\n\n\n\n<h2 class=\"wp-block-heading\" id=\"single\" style=\"font-size:25px\"><strong>ADISU Benevento<\/strong><\/h2>\n\n\n\n<p class=\"has-normal-font-size\" style=\"line-height:1.5\"><strong>Web: <\/strong><a href=\"https:\/\/www.adisurcampania.it\/\">https:\/\/www.adisurcampania.it\/<\/a><\/p>\n\n\n\n<hr class=\"wp-block-separator has-text-color has-background is-style-wide\" style=\"background-color:#000000;color:#000000\"\/>\n\n\n\n<p class=\"justify\">Dal 2010 l&#8217;A.Di.SU. di Benevento utilizza i moduli DPCM e Ristorazione della suite ABADAS, per la gestione completa delle Borse di Studio, dall&#8217;acquisizione online delle domanda fino alla pubblicazione delle graduatorie e al pagamento dei benefici.<\/p>\n\n\n\n<p>Il Modulo DPCM \u00e8 integrato con il modulo Ristorazione, attraverso il quale sono gestiti sia la mensa principale sia il punto ristoro all&#8217;interno dell&#8217;Universit\u00e0, dove l&#8217;erogazione del servizio ed il relativo pagamento avvengono in base allo status dello studente.<\/p>\n<\/div>\n<\/div>\n","protected":false},"excerpt":{"rendered":"<p>ERSUUrbino Web: https:\/\/www.uniurb.<\/p>\n","protected":false},"author":1,"featured_media":0,"parent":0,"menu_order":0,"comment_status":"closed","ping_status":"closed","template":"page-nosidebar.php","meta":{"_eb_attr":"","footnotes":""},"tags":[],"class_list":["post-339","page","type-page","status-publish","hentry"],"_links":{"self":[{"href":"https:\/\/www.abadas.it\/index.php\/wp-json\/wp\/v2\/pages\/339","targetHints":{"allow":["GET"]}}],"collection":[{"href":"https:\/\/www.abadas.it\/index.php\/wp-json\/wp\/v2\/pages"}],"about":[{"href":"https:\/\/www.abadas.it\/index.php\/wp-json\/wp\/v2\/types\/page"}],"author":[{"embeddable":true,"href":"https:\/\/www.abadas.it\/index.php\/wp-json\/wp\/v2\/users\/1"}],"replies":[{"embeddable":true,"href":"https:\/\/www.abadas.it\/index.php\/wp-json\/wp\/v2\/comments?post=339"}],"version-history":[{"count":22,"href":"https:\/\/www.abadas.it\/index.php\/wp-json\/wp\/v2\/pages\/339\/revisions"}],"predecessor-version":[{"id":482,"href":"https:\/\/www.abadas.it\/index.php\/wp-json\/wp\/v2\/pages\/339\/revisions\/482"}],"wp:attachment":[{"href":"https:\/\/www.abadas.it\/index.php\/wp-json\/wp\/v2\/media?parent=339"}],"wp:term":[{"taxonomy":"post_tag","embeddable":true,"href":"https:\/\/www.abadas.it\/index.php\/wp-json\/wp\/v2\/tags?post=339"}],"curies":[{"name":"wp","href":"https:\/\/api.w.org\/{rel}","templated":true}]}}