{"id":3,"date":"2022-06-08T10:13:09","date_gmt":"2022-06-08T08:13:09","guid":{"rendered":"https:\/\/www.abadas.it\/?page_id=3"},"modified":"2022-08-03T16:05:28","modified_gmt":"2022-08-03T14:05:28","slug":"privacy-policy","status":"publish","type":"page","link":"https:\/\/www.abadas.it\/index.php\/privacy-policy\/","title":{"rendered":"Privacy Policy"},"content":{"rendered":"\n<h3 class=\"wp-block-heading\">Chi siamo<\/h3>\n\n\n\n<p>L&#8217;indirizzo del nostro sito web \u00e8: <a href=\"https:\/\/www.abadas.it\">https:\/\/www.abadas.it<\/a><\/p>\n\n\n\n<p>I dati forniti dall&#8217;utente nella scheda di richiesta informazioni vengono acquisiti da Abaco Informatica S.r.l. in sede di esecuzione dei servizi prestati alla propria clientela e sono registrati su database elettronici di propriet\u00e0 di <a rel=\"noreferrer noopener\" href=\"http:\/\/www.abanet.it\" target=\"_blank\">Abaco Informatica S.r.l.<\/a>, con sede in Pesaro, Via Montegrappa, 3 che ne sar\u00e0 titolare per il trattamento.<\/p>\n\n\n\n<h4 class=\"wp-block-heading\">Con chi condividiamo i tuoi dati<\/h4>\n\n\n\n<p>I dati personali dell&#8217;utente saranno utilizzati da Abaco Informatica S.r.l. nel rispetto dei principi di protezione della privacy stabiliti dal Regolamento Europeo n\u00b0 679\/ 2016 (GDPR) in materia di protezione dei dati personali e dalle altre norme vigenti in materia di protezione dei dati personali.<\/p>\n\n\n\n<p>I dati personali richiesti sono suddivisi in due categorie: <strong>obbligatori <\/strong>e <strong>facoltativi<\/strong>, come risulta nella procedura di richiesta di contatto e\/o di attivazione dei servizi offerti.<br>Il <strong>conferimento <\/strong>dei dati obbligatori ed il relativo trattamento per le finalit\u00e0 sopra indicate sono strettamente funzionali all&#8217;esecuzione dei servizi indicati.<br>L&#8217;eventuale <strong>rifiuto <\/strong>dell&#8217;Utente a fornire tali dati o l&#8217;eventuale rifiuto di consentire al loro trattamento comporter\u00e0 l&#8217;impossibilit\u00e0 di usufruire del servizio offerto da Abaco Informatica S.r.l..<br>Gli altri dati raccolti servono ad aiutare Abaco Informatica S.r.l. ad offrire un servizio sempre migliore.<br><strong>Rispetto ad essi, l&#8217;Utente \u00e8 libero di fornirli o meno<\/strong>.<\/p>\n\n\n\n<p><strong><em>Si specifica che per i dati raccolti da Abaco Informatica S.r.l. NON esiste un processo decisionale automatizzato, ivi inclusa la profilazione (art. 3.4): La profilazione \u00e8 \u201cqualsiasi forma di trattamento automatizzato di dati personali consistente nell&#8217;utilizzo di tali dati personali per valutare determinati aspetti personali relativi a una persona fisica, in particolare per analizzare o prevedere aspetti riguardanti il rendimento professionale, la situazione economica, la salute, le preferenze personali, gli interessi, l&#8217;affidabilit\u00e0, il comportamento, l&#8217;ubicazione o gli spostamenti di detta persona fisica\u201c.<\/em><\/strong><\/p>\n\n\n\n<p><strong>In particolare, le finalit\u00e0 del trattamento dei dati personali sono le seguenti:<\/strong><\/p>\n\n\n\n<ul class=\"wp-block-list\"><li>fornire i servizi previsti;<\/li><li>verificare la qualit\u00e0 dei servizi offerti;<\/li><li>provvedere a tutti gli eventuali adempimenti contabili e fiscali;<\/li><li>risalire ad autori di eventuali illeciti solo in caso di specifiche richieste e per conto delle autorit\u00e0 competenti.<\/li><\/ul>\n\n\n\n<p><strong>Qualora l&#8217;Utente abbia prestato apposito consenso:<\/strong><br>fornire le informazioni e\/o offerte su prodotti, servizi o iniziative offerti o promossi da Abaco Informatica S.r.l. e\/o da societ\u00e0 affiliate, cos\u00ed come da partners commerciali ed outsourcers, <strong>senza che ci\u00f2 determini la cessione dei dati personali a soggetti terzi<\/strong>;<\/p>\n\n\n\n<p>L&#8217;Utente potr\u00e0 accedere ai propri dati in qualsiasi momento ed esercitare i propri diritti.<\/p>\n\n\n\n<h4 class=\"wp-block-heading\">Per quanto tempo conserviamo i tuoi dati<\/h4>\n\n\n\n<p>I dati ricevuti sono archiviati a tempo indeterminato su server protetti.<\/p>\n\n\n\n<h4 class=\"wp-block-heading\">Diritti dell&#8217;interessato &#8211; GDPR Capo III (Artt. 12-23)<\/h4>\n\n\n\n<p><strong>Diritto di accesso (art. 15)<\/strong><br>Il diritto di accesso prevede in ogni caso il diritto di ricevere una copia dei dati personali oggetto di trattamento.<\/p>\n\n\n\n<p><strong>Diritto di cancellazione (diritto all\u00b4oblio) (art.17)<\/strong><br>l\u00b4interessato ha il diritto di chiedere la cancellazione dei propri dati, anche dopo revoca del consenso al trattamento (art. 17, paragrafo 1).<\/p>\n\n\n\n<p><strong>Diritto di limitazione del trattamento (art. 18)<\/strong><br>Il diritto alla limitazione prevede che il dato personale sia &#8216;contrassegnato&#8217; in attesa di determinazioni ulteriori; Esclusa la conservazione, ogni altro trattamento del dato di cui si chiede la limitazione \u00e8 vietato a meno che ricorrano determinate circostanze (consenso dell\u00b4interessato, accertamento diritti in sede giudiziaria, tutela diritti di altra persona fisica o giuridica, interesse pubblico rilevante).<br><strong>Diritto alla portabilit\u00e0 dei dati (art. 20)<\/strong><br>L&#8217;interessato ha diritto di richiedere di trasferire direttamente i dati portabili a un altro titolare indicato, se tecnicamente possibile.<\/p>\n\n\n\n<p><strong>Regolamento Europeo n\u00b0 679\/ 2016 (GDPR)<\/strong><\/p>\n\n\n\n<ol class=\"wp-block-list\"><li>L&#8217;interessato ha diritto di ottenere la conferma dell&#8217;esistenza o meno di dati personali che lo riguardano, anche se non ancora registrati, e la loro comunicazione in forma intellegibile.<\/li><li>L&#8217;interessato ha diritto di ottenere l&#8217;indicazione:<br>a) dell&#8217;origine dei dati personali;<br>b) delle finalit\u00e0 e modalit\u00e0 del trattamento;<br>c) della logica applicata in caso di trattamento effettuato con l&#8217;ausilio di strumenti elettronici;<br>d) degli estremi identificativi del titolare, dei responsabili e del rappresentante designato;<br>e) dei soggetti o delle categorie di soggetti ai quali i dati personali possono essere comunicati o che possono venirne a conoscenza in qualit\u00e0 di rappresentante designato nel territorio dello stato, di responsabili o incaricati.<\/li><li>L&#8217;interessato ha diritto di ottenere:<br>a) l&#8217;aggiornamento, la rettificazione ovvero, quando vi ha interesse, l&#8217;integrazione dei dati;<br>b) la cancellazione, la trasformazione, in forma anonima o il blocco dei dati trattati in violazione di legge, compresi quelli di cui non \u00e8 necessaria la conservazione in relazione agli scopi per i quali i dati sono stati raccolti o successivamente trattati;<br>c) l&#8217;attestazione che le operazioni di cui alle lettera a) e b) sono state portate a conoscenza, anche per quanto riguarda il loro contenuto, di colori ai quali i dati sono stati comunicati o diffusi, eccettuato il caso in cui tale adempimento si rivela impossibile o comporta un impiego di mezzi manifestamente sproporzionato rispetto al diritto tutelato.<\/li><li>L&#8217;interessato ha diritto di opporsi, in tutto o in parte:<br>a) per motivi legittimi al trattamento dei dati personali che lo riguardano ancorch\u00e8 pertinenti allo scopo della raccolta;<br>b) al trattamento dei dati personali che lo riguardano a fini di invio di materiale pubblicitario o di vendita diretta o per il compimento di ricerche di mercato o di comunicazione commerciale.\u201c<\/li><\/ol>\n\n\n\n<p><strong>Reclamo<\/strong><br>Ti informiamo che hai diritto di proporre reclamo a un&#8217;Autorit\u00e0 di controllo nel caso in cui ritieni che il trattamento dei tuoi dati personali non sia conforme alla normativa in materia di privacy ai sensi dell&#8217;art.13 lett. d) GDPR;<\/p>\n\n\n\n<p>L&#8217;utente potr\u00e0 esercitare i diritti di cui all&#8217;art. 7 del D.Lgs 196\/2003, (aggiornamento, rettificazione, integrazione, cancellazione, trasformazione, in forma anonima o il blocco dei dati trattati in violazione di legge, opposizione, richiesta delle informazioni di cui al 1\u00b0capoverso e di cui alle lettere a), b), c), d) e) 2\u00b0 capoverso), rivolgendosi a Abaco Informatica S.r.l., Via Montegrappa 3, 61121 Pesaro<br>Oppure mandando un e-mail al seguente indirizzo <a href=\"mailto:dpo@abanet.it\">dpo@abanet.it<\/a> .<\/p>\n\n\n\n<hr class=\"wp-block-separator is-style-wide\"\/>\n\n\n\n<h4 class=\"wp-block-heading\">Cookies<\/h4>\n\n\n\n<p><strong>Cosa sono i cookies?<\/strong><\/p>\n\n\n\n<p>Sono piccoli file di testo che servono a migliorare le prestazioni e la fruibilit\u00e0 del sito.<br>Normalmente vengono utilizzati per memorizzare le informazioni necessarie a migliorare la navigazione.<\/p>\n\n\n\n<p><strong>Utilizziamo i cookies?<\/strong><br>Utilizziamo cookies tecnici di navigazione e di sessione al solo fine di \u201ceffettuare la trasmissione di una comunicazione su una rete di comunicazione elettronica, o nella misura strettamente necessaria al fornitore di un servizio della societ\u00e0 di informazione esplicitamente richiesto dall\u2019abbonato o dall\u2019utente a erogare tale servizio\u201d (art. 122, I comma, Codice della Privacy).<\/p>\n\n\n\n<p>I cookie tecnici di sessione hanno durata pari alla singola sessione di navigazione e vengono pertanto automaticamente cancellati al termine della sessione di navigazione.<br>Le informazioni contenute nei cookie, come detto, hanno semplicemente finalit\u00e0 di carattere tecnico, non sono memorizzati n\u00e9 accessibili da personale del proprietario del sito.<\/p>\n\n\n\n<h4 class=\"wp-block-heading\">Cookie di Sessione:<\/h4>\n\n\n\n<figure class=\"wp-block-table alignwide is-style-stripes\"><table><thead><tr><th class=\"has-text-align-center\" data-align=\"center\">name<\/th><th class=\"has-text-align-center\" data-align=\"center\">domain<\/th><th class=\"has-text-align-center\" data-align=\"center\">path<\/th><th class=\"has-text-align-center\" data-align=\"center\">value<\/th><\/tr><\/thead><tbody><tr><td class=\"has-text-align-center\" data-align=\"center\">PHPSESSID<\/td><td class=\"has-text-align-center\" data-align=\"center\">www.abadas.it<\/td><td class=\"has-text-align-center\" data-align=\"center\">*<\/td><td class=\"has-text-align-center\" data-align=\"center\">q9b34geg8nenj7jf0jtcoil16u<\/td><\/tr><\/tbody><\/table><\/figure>\n\n\n\n<p class=\"has-text-align-center\">In nessun modo facciamo utilizzo di cookies permanenti, persistenti o profilanti<\/p>\n\n\n\n<p>No Third-Party Domains Found<br>No Stored Cookies Found<\/p>\n","protected":false},"excerpt":{"rendered":"<p>Chi siamo L&#8217;indirizzo del nostro sito web \u00e8: https:\/\/www.<\/p>\n","protected":false},"author":1,"featured_media":0,"parent":0,"menu_order":0,"comment_status":"closed","ping_status":"open","template":"page-nosidebar.php","meta":{"_eb_attr":"","footnotes":""},"tags":[],"class_list":["post-3","page","type-page","status-publish","hentry"],"_links":{"self":[{"href":"https:\/\/www.abadas.it\/index.php\/wp-json\/wp\/v2\/pages\/3","targetHints":{"allow":["GET"]}}],"collection":[{"href":"https:\/\/www.abadas.it\/index.php\/wp-json\/wp\/v2\/pages"}],"about":[{"href":"https:\/\/www.abadas.it\/index.php\/wp-json\/wp\/v2\/types\/page"}],"author":[{"embeddable":true,"href":"https:\/\/www.abadas.it\/index.php\/wp-json\/wp\/v2\/users\/1"}],"replies":[{"embeddable":true,"href":"https:\/\/www.abadas.it\/index.php\/wp-json\/wp\/v2\/comments?post=3"}],"version-history":[{"count":7,"href":"https:\/\/www.abadas.it\/index.php\/wp-json\/wp\/v2\/pages\/3\/revisions"}],"predecessor-version":[{"id":547,"href":"https:\/\/www.abadas.it\/index.php\/wp-json\/wp\/v2\/pages\/3\/revisions\/547"}],"wp:attachment":[{"href":"https:\/\/www.abadas.it\/index.php\/wp-json\/wp\/v2\/media?parent=3"}],"wp:term":[{"taxonomy":"post_tag","embeddable":true,"href":"https:\/\/www.abadas.it\/index.php\/wp-json\/wp\/v2\/tags?post=3"}],"curies":[{"name":"wp","href":"https:\/\/api.w.org\/{rel}","templated":true}]}}