{"id":143,"date":"2022-06-15T16:38:15","date_gmt":"2022-06-15T14:38:15","guid":{"rendered":"https:\/\/www.abadas.it\/?page_id=143"},"modified":"2022-07-04T15:47:53","modified_gmt":"2022-07-04T13:47:53","slug":"budget-borse-di-studio-2","status":"publish","type":"page","link":"https:\/\/www.abadas.it\/index.php\/moduli-abadas\/budget-borse-di-studio-2\/","title":{"rendered":"Budget Borse di Studio"},"content":{"rendered":"\n<div class=\"wp-block-cover is-light\"><span aria-hidden=\"true\" class=\"wp-block-cover__gradient-background has-background-dim\"><\/span><img loading=\"lazy\" decoding=\"async\" width=\"1547\" height=\"1024\" class=\"wp-block-cover__image-background wp-image-400\" alt=\"\" src=\"https:\/\/www.abadas.it\/wp-content\/uploads\/2022\/07\/borse-1547x1024.jpg\" data-object-fit=\"cover\" srcset=\"https:\/\/www.abadas.it\/wp-content\/uploads\/2022\/07\/borse-1547x1024.jpg 1547w, https:\/\/www.abadas.it\/wp-content\/uploads\/2022\/07\/borse-300x199.jpg 300w, https:\/\/www.abadas.it\/wp-content\/uploads\/2022\/07\/borse-768x508.jpg 768w, https:\/\/www.abadas.it\/wp-content\/uploads\/2022\/07\/borse-1536x1017.jpg 1536w, https:\/\/www.abadas.it\/wp-content\/uploads\/2022\/07\/borse.jpg 1920w\" sizes=\"auto, (max-width: 1547px) 100vw, 1547px\" \/><div class=\"wp-block-cover__inner-container is-layout-flow wp-block-cover-is-layout-flow\">\n<p class=\"has-text-align-center has-white-color has-text-color has-large-font-size\">Questo modulo consente di tenere sotto controllo, in tempo reale, la disponibilit\u00e0 economica e finanziaria relativa alle Borse di Studio<\/p>\n<\/div><\/div>\n\n\n\n<h4 class=\"wp-block-heading\">Sia per A.A sia per anno solare e sopratutto fornisce <strong>la rendicontazione completa ed analitica<\/strong> della gestione dei fondi destinati alle provvidenze nei confronti degli studenti.<\/h4>\n\n\n\n<p>L\u2019utilizzo di tale modulo richiede innanzitutto i dati sugli eventuali residui economici e finanziari precedenti.<\/p>\n\n\n\n<p>Questi vengono caricati con la funzione di <strong>Gestione Movimenti<\/strong>, la stessa con la quale vanno caricati tutti i movimenti che comportano una variazione del fondo.<\/p>\n\n\n\n<p>Da quelli di costituzione del fondo stesso (<em>contributi Regionali, dell\u2019Universit\u00e0, ecc<\/em>.), a quelli di ripartizione del fondo (primo anno e anni successivi, corsi di laurea, ecc.), di assegnazione (graduatoria <strong>DPCM<\/strong>, borse straordinarie, revoche, ecc.) fino alla riscossione e restituzione da parte degli studenti.<\/p>\n\n\n\n<p>Ognuna di queste variazioni \u00e8 in relazione ad un documento, una lettera, una determina, un provvedimento, una delibera, ecc. per cui il caricamento del movimento deve sempre far riferimento ad essi.<\/p>\n\n\n\n<p>Inoltre per ogni movimento in base alla causale viene automaticamente determinata la natura economica\/finanziaria\/neutra del movimento stesso (per es. l\u2019assegnazione di borsa \u00e8 di tipo economico, la riscossione dello studente \u00e8 di tipo finanziario, il provvedimento di revoca \u00e8 economico, la restituzione della borsa finanziaria, ecc.),<\/p>\n\n\n\n<p>In ogni movimento \u00e8 anche possibile indicare il capitolo, allo scopo di gestire dei sub-budget (per es. del solo programma Erasmus, delle sole borse straordinarie, ecc.).<\/p>\n\n\n\n<p>Per semplificare l\u2019inserimento dei movimenti di tipo finanziario, presenti in gran numero a causa delle riscossioni individuali della prima e seconda rata della quota contante della borsa di studio, questo modulo \u00e8 in grado di interagire con il modulo Tesoreria e, a partire dagli esiti dei mandati ricevuti dalla banca, genera in automatico tutti i movimenti di incasso effettivo da parte degli studenti. Questa funzione \u00e8 importante per avere sempre sotto controllo la disponibilit\u00e0 finanziaria effettiva e per decidere l\u2019eventuale reintegro nei fondi destinati dei mandati mai riscossi dagli studenti.<\/p>\n\n\n\n<p><strong>PRINCIPALI FUNZIONALIT\u00c1<\/strong><\/p>\n\n\n\n<ul class=\"wp-block-list\"><li>Gestione delle Tabelle di Base<\/li><li>Gestione dei Movimenti<\/li><li>Gestione Movimenti batch (import dati dal modulo Tesoreria)<\/li><li>Reportistica<\/li><\/ul>\n\n\n\n<hr class=\"wp-block-separator is-style-wide\"\/>\n\n\n\n<h5 class=\"has-text-align-center wp-block-heading\">Per maggiori informazioni:<\/h5>\n\n\n\n<div class=\"wp-block-buttons is-layout-flex wp-block-buttons-is-layout-flex\">\n<div class=\"wp-block-button aligncenter\"><a class=\"wp-block-button__link has-colore-primario-background-color has-background\" href=\"https:\/\/www.abadas.it\/index.php\/contatti\/\">Contattaci<\/a><\/div>\n<\/div>\n","protected":false},"excerpt":{"rendered":"<p>Sia per A.A sia per anno solare e sopratutto fornisce la rendicontazione completa ed analitica della gestione dei fondi destinati alle provvidenze nei confronti degli studenti.<\/p>\n","protected":false},"author":1,"featured_media":0,"parent":41,"menu_order":7,"comment_status":"closed","ping_status":"closed","template":"","meta":{"_eb_attr":"","footnotes":""},"tags":[],"class_list":["post-143","page","type-page","status-publish","hentry"],"_links":{"self":[{"href":"https:\/\/www.abadas.it\/index.php\/wp-json\/wp\/v2\/pages\/143","targetHints":{"allow":["GET"]}}],"collection":[{"href":"https:\/\/www.abadas.it\/index.php\/wp-json\/wp\/v2\/pages"}],"about":[{"href":"https:\/\/www.abadas.it\/index.php\/wp-json\/wp\/v2\/types\/page"}],"author":[{"embeddable":true,"href":"https:\/\/www.abadas.it\/index.php\/wp-json\/wp\/v2\/users\/1"}],"replies":[{"embeddable":true,"href":"https:\/\/www.abadas.it\/index.php\/wp-json\/wp\/v2\/comments?post=143"}],"version-history":[{"count":9,"href":"https:\/\/www.abadas.it\/index.php\/wp-json\/wp\/v2\/pages\/143\/revisions"}],"predecessor-version":[{"id":452,"href":"https:\/\/www.abadas.it\/index.php\/wp-json\/wp\/v2\/pages\/143\/revisions\/452"}],"up":[{"embeddable":true,"href":"https:\/\/www.abadas.it\/index.php\/wp-json\/wp\/v2\/pages\/41"}],"wp:attachment":[{"href":"https:\/\/www.abadas.it\/index.php\/wp-json\/wp\/v2\/media?parent=143"}],"wp:term":[{"taxonomy":"post_tag","embeddable":true,"href":"https:\/\/www.abadas.it\/index.php\/wp-json\/wp\/v2\/tags?post=143"}],"curies":[{"name":"wp","href":"https:\/\/api.w.org\/{rel}","templated":true}]}}