{"id":118,"date":"2022-06-15T16:15:35","date_gmt":"2022-06-15T14:15:35","guid":{"rendered":"https:\/\/www.abadas.it\/?page_id=118"},"modified":"2022-07-04T15:44:48","modified_gmt":"2022-07-04T13:44:48","slug":"ristorazione","status":"publish","type":"page","link":"https:\/\/www.abadas.it\/index.php\/moduli-abadas\/ristorazione\/","title":{"rendered":"Ristorazione"},"content":{"rendered":"\n<div class=\"wp-block-cover\"><span aria-hidden=\"true\" class=\"wp-block-cover__gradient-background has-background-dim\"><\/span><img loading=\"lazy\" decoding=\"async\" width=\"1536\" height=\"1024\" class=\"wp-block-cover__image-background wp-image-278\" alt=\"\" src=\"https:\/\/www.abadas.it\/wp-content\/uploads\/2022\/06\/mediterranean-cuisine-g421fc5f00_1920-1536x1024.jpg\" data-object-fit=\"cover\" srcset=\"https:\/\/www.abadas.it\/wp-content\/uploads\/2022\/06\/mediterranean-cuisine-g421fc5f00_1920-1536x1024.jpg 1536w, https:\/\/www.abadas.it\/wp-content\/uploads\/2022\/06\/mediterranean-cuisine-g421fc5f00_1920-300x200.jpg 300w, https:\/\/www.abadas.it\/wp-content\/uploads\/2022\/06\/mediterranean-cuisine-g421fc5f00_1920-768x512.jpg 768w, https:\/\/www.abadas.it\/wp-content\/uploads\/2022\/06\/mediterranean-cuisine-g421fc5f00_1920.jpg 1920w\" sizes=\"auto, (max-width: 1536px) 100vw, 1536px\" \/><div class=\"wp-block-cover__inner-container is-layout-flow wp-block-cover-is-layout-flow\">\n<h4 class=\"wp-block-heading\">Il modulo RISTORAZIONE permette di assolvere in modo completo a tutte le operazioni relative ai processi delle Mense e di eventuali Ristoranti convenzionati.<\/h4>\n<\/div><\/div>\n\n\n\n<h4 class=\"wp-block-heading\"><\/h4>\n\n\n\n<p>Il modulo RISTORAZIONE \u00e8 costituito da:<\/p>\n\n\n\n<div class=\"wp-block-accordion-toggle-accordion-toggle\"><div class=\"eb-parent-wrapper eb-parent-eb-accordion-ltt9p3o \"><div class=\"eb-accordion-container eb-accordion-ltt9p3o\" data-accordion-type=\"accordion\" data-tab-icon=\"fas fa-angle-right\" data-expanded-icon=\"fas fa-angle-down\"><div class=\"eb-accordion-inner\"><div class=\"eb-accordion-wrapper\" data-clickable=\"false\"><div class=\"eb-accordion-title-wrapper\"><span class=\"eb-accordion-icon-wrapper\"><span class=\"fas fa-angle-right eb-accordion-icon\"><\/span><\/span><h3 class=\"eb-accordion-title\">MENSA MANAGER<\/h3><\/div><div class=\"eb-accordion-content-wrapper\"><p class=\"eb-accordion-content\">Mensa Manager \u00e8 utilizzato in back-office come strumento di amministrazione e preparazione dei dati necessari all\u2019erogazione del servizio.<br>Esso permette di definire le mense, le casse e gli operatori di ogni mensa, i turni effettuati in ogni mensa, l\u2019elenco completo delle vivande preparate, i menu per ogni giorno del calendario di apertura delle mense stesse rispetto alle diverse tipologie di pasto (pasto tradizionale primo-secondo-contorno, pasto libero, piatto unico, extra, ecc.).<br>Abilita\/disabilita l\u2019apertura di ogni mensa e di ogni cassa per ogni turno.<br>Poich\u00e9 Mensa Manager opera in genere su una postazione posta all\u2019interno degli Uffici di gestione della mensa, \u00e8 in grado di sostituirsi temporaneamente al database server centrale nel caso questi, in genere localizzato remotamente, non fosse pi\u00f9 raggiungibile per problemi di rete o di altra natura, garantendo cos\u00ec la continuit\u00e0 del servizio.<br>Al momento del ripristino della rete o del database centrale tutti i movimenti registrati localmente vengono trasferiti automaticamente sul server centrale ristabilendo il normale funzionamento.<\/p><\/div><\/div><div class=\"eb-accordion-wrapper\" data-clickable=\"false\"><div class=\"eb-accordion-title-wrapper\"><span class=\"eb-accordion-icon-wrapper\"><span class=\"fas fa-angle-right eb-accordion-icon\"><\/span><\/span><h3 class=\"eb-accordion-title\">CASH CONTROL<\/h3><\/div><div class=\"eb-accordion-content-wrapper\"><p class=\"eb-accordion-content\">Cash Control utilizza la base dati anagrafica studenti su cui vengono impostate le fasce di costo differenziate in base agli esiti della Graduatoria Borsa e alle convenzioni con le diverse tipologie di utenza eventualmente convenzionata (dipendenti, docenti, ospiti di convegni, ecc.).<br>Cash Control viene installato sul PC che gestisce la postazione del cassiere ed opera in contatto con il server e database centrali attraverso la rete.<br>Gli utenti vengono dotati di una tessera magnetica di riconoscimento che permette alle postazioni di cassa di effettuare le relative operazioni.<br>L\u2019utente percorre la linea di distribuzione o si muove tra le isole di distribuzione (free-flow) riempiendo il vassoio con i piatti di suo gradimento, giunge alla cassa, passa il badge magnetico nell&#8217;apposito lettore.<br>L\u2019addetto alla postazione cassa, che utilizza il modulo Cash Control, ha sullo schermo il menu del giorno\/turno e attraverso una speciale tastiera, mouse o touch-screen, \u2018digita\u2019 il contenuto del vassoio.<br>Cash Control calcola l&#8217;importo dovuto sulla base della fascia costi attribuita all&#8217;utente e, nell\u2019ipotesi di utilizzo del sistema di borsellino elettronico, provvede a detrarre tale importo dal conto studente (verificandone preventivamente la capienza).<br>Si ha in tal modo il calcolo in tempo reale dei corrispettivi ed il controllo dei pasti erogati, dei pagamenti e, grazie all\u2019archiviazione analitica dei pasti consumati e dei movimenti contabili, la base dati indispensabile per l\u2019analisi del comportamento degli utenti e della gestione del magazzino e della produzione.<br>Il modulo \u00e8 perfettamente integrabile con il modulo di Gestione DPCM e con di Borsellino Elettronico.<\/p><\/div><\/div><div class=\"eb-accordion-wrapper\" data-clickable=\"false\"><div class=\"eb-accordion-title-wrapper\"><span class=\"eb-accordion-icon-wrapper\"><span class=\"fas fa-angle-right eb-accordion-icon\"><\/span><\/span><h3 class=\"eb-accordion-title\">SELF CASH CONTROL<\/h3><\/div><div class=\"eb-accordion-content-wrapper\"><p class=\"eb-accordion-content\">Nel caso che la politica di gestione della ristorazione preveda anche l\u2019erogazione del pasto a composizione fissa (a prescindere dall&#8217;effettivo contenuto del vassoio) il modulo RISTORAZIONE di ABADAS prevede l\u2019utilizzo di terminali (tipo rilevatore di presenza) self-service, in genere abbinati ad un tornello, che non richiedono la presenza di un operatore.<br>Il terminale \u00e8 posto a fine linea, l\u2019utente vi striscia il badge, e se vi \u00e8 capienza in conto, Self Cash Control registra il movimento, scala l\u2019eventuale somma dovuta ed abilita l\u2019apertura del tornello per consentire all\u2019utente l\u2019uscita dalla linea di distribuzione.<br>Naturalmente Self Cash Control esegue tutti i controlli del Cash Control (max numero pasti per turno, lo stato della graduatoria DPCM, se il pasto \u00e8 a pagamento, ecc.) per garantire un erogazione dei pasti sicura e corretta.<br><br><img loading=\"lazy\" decoding=\"async\" width=\"643\" height=\"281\" class=\"wp-image-448\" style=\"width: 643px;\" src=\"https:\/\/www.abadas.it\/wp-content\/uploads\/2022\/07\/cash_control1.jpg\" alt=\"\" srcset=\"https:\/\/www.abadas.it\/wp-content\/uploads\/2022\/07\/cash_control1.jpg 643w, https:\/\/www.abadas.it\/wp-content\/uploads\/2022\/07\/cash_control1-300x131.jpg 300w\" sizes=\"auto, (max-width: 643px) 100vw, 643px\" \/><br><\/p><\/div><\/div><\/div><\/div><\/div><\/div>\n\n\n\n<div style=\"height:30px\" aria-hidden=\"true\" class=\"wp-block-spacer\"><\/div>\n\n\n\n<h4 class=\"wp-block-heading\"><strong>Principali funzionalit\u00e1<\/strong><\/h4>\n\n\n\n<ul class=\"wp-block-list\"><li>Gestione utenti, profili e permessi di accesso all&#8217;applicativo<\/li><li>Gestione anagrafica mense (nomi, orari, etc.)<\/li><li>Gestione regole di composizione dei pasti<\/li><li>Gestione dei calendari di ogni mensa<\/li><li>Creazione, modifica, stampa, e cancellazione dei men\u00f9<\/li><li>Gestione anagrafica piatti<\/li><li>Gestione prezzi per fascia<\/li><li>Creazione, modifica e cancellazione dei parametri di funzionamento del servizio mensa (es. numero pasti per studente per turno)<\/li><li>Determinazione automatica prezzo del pasto<\/li><li>Gestione del borsellino elettronico<\/li><li>Controllo vassoio<\/li><li>Reportistica contabile (corrispettivi)<\/li><li>Statistiche di consumo.<\/li><\/ul>\n\n\n\n<hr class=\"wp-block-separator is-style-wide\"\/>\n\n\n\n<h5 class=\"has-text-align-center wp-block-heading\">Per maggiori informazioni:<\/h5>\n\n\n\n<div class=\"wp-block-buttons is-layout-flex wp-block-buttons-is-layout-flex\">\n<div class=\"wp-block-button aligncenter\"><a class=\"wp-block-button__link has-colore-primario-background-color has-background\" href=\"https:\/\/www.abadas.it\/index.php\/contatti\/\">Contattaci<\/a><\/div>\n<\/div>\n\n\n\n<p><\/p>\n","protected":false},"excerpt":{"rendered":"<p>Il modulo RISTORAZIONE \u00e8 costituito da: Principali funzionalit\u00e1 Gestione utenti, profili e permessi di accesso all&#8217;applicativo Gestione anagrafica mense (nomi, orari, etc.<\/p>\n","protected":false},"author":1,"featured_media":0,"parent":41,"menu_order":2,"comment_status":"closed","ping_status":"closed","template":"","meta":{"_eb_attr":"","footnotes":""},"tags":[],"class_list":["post-118","page","type-page","status-publish","hentry"],"_links":{"self":[{"href":"https:\/\/www.abadas.it\/index.php\/wp-json\/wp\/v2\/pages\/118","targetHints":{"allow":["GET"]}}],"collection":[{"href":"https:\/\/www.abadas.it\/index.php\/wp-json\/wp\/v2\/pages"}],"about":[{"href":"https:\/\/www.abadas.it\/index.php\/wp-json\/wp\/v2\/types\/page"}],"author":[{"embeddable":true,"href":"https:\/\/www.abadas.it\/index.php\/wp-json\/wp\/v2\/users\/1"}],"replies":[{"embeddable":true,"href":"https:\/\/www.abadas.it\/index.php\/wp-json\/wp\/v2\/comments?post=118"}],"version-history":[{"count":13,"href":"https:\/\/www.abadas.it\/index.php\/wp-json\/wp\/v2\/pages\/118\/revisions"}],"predecessor-version":[{"id":450,"href":"https:\/\/www.abadas.it\/index.php\/wp-json\/wp\/v2\/pages\/118\/revisions\/450"}],"up":[{"embeddable":true,"href":"https:\/\/www.abadas.it\/index.php\/wp-json\/wp\/v2\/pages\/41"}],"wp:attachment":[{"href":"https:\/\/www.abadas.it\/index.php\/wp-json\/wp\/v2\/media?parent=118"}],"wp:term":[{"taxonomy":"post_tag","embeddable":true,"href":"https:\/\/www.abadas.it\/index.php\/wp-json\/wp\/v2\/tags?post=118"}],"curies":[{"name":"wp","href":"https:\/\/api.w.org\/{rel}","templated":true}]}}