{"id":105,"date":"2022-06-15T15:57:57","date_gmt":"2022-06-15T13:57:57","guid":{"rendered":"https:\/\/www.abadas.it\/?page_id=105"},"modified":"2022-07-08T16:57:30","modified_gmt":"2022-07-08T14:57:30","slug":"borsa-di-studio-dpcm","status":"publish","type":"page","link":"https:\/\/www.abadas.it\/index.php\/moduli-abadas\/borsa-di-studio-dpcm\/","title":{"rendered":"Borsa di Studio (DPCM)"},"content":{"rendered":"\n<div class=\"wp-block-cover aligncenter\"><span aria-hidden=\"true\" class=\"wp-block-cover__gradient-background has-background-dim\"><\/span><img loading=\"lazy\" decoding=\"async\" width=\"1536\" height=\"1024\" class=\"wp-block-cover__image-background wp-image-263\" alt=\"\" src=\"https:\/\/www.abadas.it\/wp-content\/uploads\/2022\/06\/apples-1-1536x1024.jpg\" data-object-fit=\"cover\" srcset=\"https:\/\/www.abadas.it\/wp-content\/uploads\/2022\/06\/apples-1-1536x1024.jpg 1536w, https:\/\/www.abadas.it\/wp-content\/uploads\/2022\/06\/apples-1-300x200.jpg 300w, https:\/\/www.abadas.it\/wp-content\/uploads\/2022\/06\/apples-1-768x512.jpg 768w, https:\/\/www.abadas.it\/wp-content\/uploads\/2022\/06\/apples-1.jpg 1920w\" sizes=\"auto, (max-width: 1536px) 100vw, 1536px\" \/><div class=\"wp-block-cover__inner-container is-layout-flow wp-block-cover-is-layout-flow\">\n<h3 class=\"wp-block-heading\">Si tratta del modulo fondamentale di <strong>ABADAS<\/strong><\/h3>\n\n\n\n<p>in quanto esso stabilisce lo stato dello studente rispetto al <strong>DPCM <\/strong>in materia di <strong>Diritto allo Studio<\/strong>, e quindi non solo la posizione in graduatoria di borsa ma anche le condizioni (tempi e costi) di accesso a tutti i servizi erogati dall\u2019Ente (in particolare Ristorazione ed Alloggio).<\/p>\n<\/div><\/div>\n\n\n\n<p>E\u2019 tuttavia possibile utilizzare qualunque altro modulo di <strong>ABADAS <\/strong>senza avere acquistato il modulo <strong>BORSA di STUDIO<\/strong>, perch\u00e8 sono comunque previste delle funzioni di importazione dei dati da eventuali procedure di gestione del <strong>DPCM <\/strong>gi\u00e0 esistenti presso l\u2019Ente e che per qualche motivo non si possano o vogliano sostituire.<\/p>\n\n\n\n<p>Il modulo \u00e8 stato sviluppato in modo da consentire un facile adattamento alle specificit\u00e0 e ai parametri indicati dal D.P.C.M. 9 aprile 2001 e dalle direttive previste dai Piani regionali degli interventi per il Diritto allo Studio Universitario, che ne consentono il riutilizzo anno dopo anno<\/p>\n\n\n\n<h4 class=\"wp-block-heading\">Il modulo BORSA di Studio consta di due parti collegate ma distinte:<\/h4>\n\n\n\n<div class=\"wp-block-accordion-toggle-accordion-toggle\"><div class=\"eb-parent-wrapper eb-parent-eb-accordion-ktbni94 \"><div class=\"eb-accordion-container eb-accordion-ktbni94\" data-accordion-type=\"accordion\" data-tab-icon=\"fas fa-angle-right\" data-expanded-icon=\"fas fa-angle-down\"><div class=\"eb-accordion-inner\"><div class=\"eb-accordion-wrapper\" data-clickable=\"false\"><div class=\"eb-accordion-title-wrapper\"><span class=\"eb-accordion-icon-wrapper\"><span class=\"fas fa-angle-right eb-accordion-icon\"><\/span><\/span><h3 class=\"eb-accordion-title\">Front-End WEB<\/h3><\/div><div class=\"eb-accordion-content-wrapper\"><p class=\"eb-accordion-content\"><strong>DPCM Front End (Studenti)<\/strong><br>&#8211; compilazione on line (Web) della domanda di borsa, di alloggio o di sola tessera servizi<br>&#8211; per l\u2019accesso al servizio \u00e8 sufficiente fornire il codice ERSU associato alla matricola universitaria ma da essa distinto (per gli studenti del primo anno il codice ERSU viene generato automaticamente)<br>&#8211; gli studenti dal 2\u00b0 anno in poi eseguono la compilazione della domanda recuperando in automatico i dati anagrafici dell\u2019anno precedente (tramite il collegamento alle anagrafiche utenti gi\u00e0 in uso)<br>&#8211; guida on line ed help contestuale durante la compilazione di ogni campo della domanda<br>&#8211; possibilit\u00e0 di ottenere supporto audio-video in tempo reale da parte di un operatore dell\u2019Ente durante la compilazione della domanda, che all\u2019occorrenza pu\u00f2 prendere il controllo della postazione dello studente ed aiutarlo materialmente nella compilazione, non importa dove si trovi geograficamente la postazione Internet da egli utilizzata<br>&#8211; visualizzazione e stampa della propria domanda<br>&#8211; firma elettronica delle domanda compilata online<br>&#8211; controllo dello stato della propria domanda all\u2019interno delle graduatorie pubblicate su web.<\/p><\/div><\/div><div class=\"eb-accordion-wrapper\" data-clickable=\"false\"><div class=\"eb-accordion-title-wrapper\"><span class=\"eb-accordion-icon-wrapper\"><span class=\"fas fa-angle-right eb-accordion-icon\"><\/span><\/span><h3 class=\"eb-accordion-title\">Back-End Applicativo<\/h3><\/div><div class=\"eb-accordion-content-wrapper\"><p class=\"eb-accordion-content\"><strong>DPCM Backend (Operatori dell&#8217;ente)<\/strong><br>&#8211; gestione utenti, profili e permessi di accesso all\u2019applicativo<br>&#8211; gestione (inserimento, visualizzazione e modifica) delle schede anagrafiche e storico-anagrafiche degli studenti e dei benefici concessi<br>&#8211; caricamento delle domande e\/o importazione automatica delle domande compilate online<br>&#8211; visualizzazione e gestione delle domande<br>&#8211; generazione automatica delle graduatorie<br>&#8211; ripartizione e attribuzione automatica dei fondi (con lo stesso sistema si possono gestire assegnazioni successive di fondi sulla stessa graduatoria)<br>&#8211; gestione delle erogazioni dei fondi (in base a importi e scadenze predefinite)<br>&#8211; gestione dei benefici concessi: borse di studio e prestiti d\u2019onore, servizi abitativi, servizi di ristorazione, contributi per la mobilit\u00e0 internazionale (ERASMUS)<br>&#8211; generazione automatica graduatoria provvisoria e definitiva<br>&#8211; generazione automatica graduatoria alloggi (se presente il modulo ABADAS Servizi Abitativi)<br>&#8211; generazione di statistiche, report e pagine WEB<br>&#8211; stampa personalizzata del badge utenti (logo dell\u2019Ente, dati testuali, foto dell\u2019utente, banda magnetica)<br>&#8211; generazione delle rate di pagamento borsa<br>&#8211; esportazione dati per la generazione dei mandati relativi alle rate per il modulo TESORERIA.<\/p><\/div><\/div><\/div><\/div><\/div><\/div>\n\n\n\n<div style=\"height:30px\" aria-hidden=\"true\" class=\"wp-block-spacer\"><\/div>\n\n\n\n<p>Alcune schermate di presentazione:<\/p>\n\n\n\n<figure class=\"wp-block-gallery has-nested-images columns-4 is-cropped wp-block-gallery-1 is-layout-flex wp-block-gallery-is-layout-flex\">\n<figure class=\"wp-block-image size-full is-style-rounded\"><a href=\"https:\/\/www.abadas.it\/wp-content\/uploads\/2022\/07\/domandaonline-1.png\" target=\"_blank\" rel=\"noopener\"><img loading=\"lazy\" decoding=\"async\" width=\"993\" height=\"891\" data-id=\"485\" src=\"https:\/\/www.abadas.it\/wp-content\/uploads\/2022\/07\/domandaonline-1.png\" alt=\"\" class=\"wp-image-485\" srcset=\"https:\/\/www.abadas.it\/wp-content\/uploads\/2022\/07\/domandaonline-1.png 993w, https:\/\/www.abadas.it\/wp-content\/uploads\/2022\/07\/domandaonline-1-300x269.png 300w, https:\/\/www.abadas.it\/wp-content\/uploads\/2022\/07\/domandaonline-1-768x689.png 768w\" sizes=\"auto, (max-width: 993px) 100vw, 993px\" \/><\/a><figcaption>Domanda online<\/figcaption><\/figure>\n\n\n\n<figure class=\"wp-block-image size-full is-style-rounded\"><a href=\"https:\/\/www.abadas.it\/wp-content\/uploads\/2022\/07\/generalita-1.png\" target=\"_blank\" rel=\"noopener\"><img loading=\"lazy\" decoding=\"async\" width=\"1011\" height=\"927\" data-id=\"486\" src=\"https:\/\/www.abadas.it\/wp-content\/uploads\/2022\/07\/generalita-1.png\" alt=\"\" class=\"wp-image-486\" srcset=\"https:\/\/www.abadas.it\/wp-content\/uploads\/2022\/07\/generalita-1.png 1011w, https:\/\/www.abadas.it\/wp-content\/uploads\/2022\/07\/generalita-1-300x275.png 300w, https:\/\/www.abadas.it\/wp-content\/uploads\/2022\/07\/generalita-1-768x704.png 768w\" sizes=\"auto, (max-width: 1011px) 100vw, 1011px\" \/><\/a><figcaption>Generalit\u00e0<\/figcaption><\/figure>\n\n\n\n<figure class=\"wp-block-image size-full is-style-rounded\"><a href=\"https:\/\/www.abadas.it\/wp-content\/uploads\/2022\/07\/merito-1.png\" target=\"_blank\" rel=\"noopener\"><img loading=\"lazy\" decoding=\"async\" width=\"987\" height=\"891\" data-id=\"487\" src=\"https:\/\/www.abadas.it\/wp-content\/uploads\/2022\/07\/merito-1.png\" alt=\"\" class=\"wp-image-487\" srcset=\"https:\/\/www.abadas.it\/wp-content\/uploads\/2022\/07\/merito-1.png 987w, https:\/\/www.abadas.it\/wp-content\/uploads\/2022\/07\/merito-1-300x271.png 300w, https:\/\/www.abadas.it\/wp-content\/uploads\/2022\/07\/merito-1-768x693.png 768w\" sizes=\"auto, (max-width: 987px) 100vw, 987px\" \/><\/a><figcaption>Merito<\/figcaption><\/figure>\n\n\n\n<figure class=\"wp-block-image size-full is-style-rounded\"><a href=\"https:\/\/www.abadas.it\/wp-content\/uploads\/2022\/07\/carriera-1.png\" target=\"_blank\" rel=\"noopener\"><img loading=\"lazy\" decoding=\"async\" width=\"996\" height=\"891\" data-id=\"488\" src=\"https:\/\/www.abadas.it\/wp-content\/uploads\/2022\/07\/carriera-1.png\" alt=\"\" class=\"wp-image-488\" srcset=\"https:\/\/www.abadas.it\/wp-content\/uploads\/2022\/07\/carriera-1.png 996w, https:\/\/www.abadas.it\/wp-content\/uploads\/2022\/07\/carriera-1-300x268.png 300w, https:\/\/www.abadas.it\/wp-content\/uploads\/2022\/07\/carriera-1-768x687.png 768w\" sizes=\"auto, (max-width: 996px) 100vw, 996px\" \/><\/a><figcaption>Carriera<\/figcaption><\/figure>\n<\/figure>\n\n\n\n<p>Un grande vantaggio derivante dall\u2019utilizzo di questo modulo \u00e8 la <strong>completa eliminazione della fase di data-entry<\/strong> da parte degli operatori che trovano le domande compilate dagli studenti sul Web gi\u00e0 all\u2019interno del loro database, <strong>senza doverle reinserire<\/strong>.<\/p>\n\n\n\n<p>Ci\u00f2 elimina alla radice gli errori di battitura tipici del data-entry e permette di impiegare tutto il tempo cos\u00ec risparmiato in attivit\u00e0 di controllo, verifica e contatto con gli studenti, innalzando notevolmente la qualit\u00e0 del servizio.<\/p>\n\n\n\n<hr class=\"wp-block-separator is-style-wide\"\/>\n\n\n\n<h5 class=\"has-text-align-center wp-block-heading\">Per maggiori informazioni:<\/h5>\n\n\n\n<div class=\"wp-block-buttons is-layout-flex wp-block-buttons-is-layout-flex\">\n<div class=\"wp-block-button aligncenter\"><a class=\"wp-block-button__link has-colore-primario-background-color has-background\" href=\"https:\/\/www.abadas.it\/index.php\/contatti\/\">Contattaci<\/a><\/div>\n<\/div>\n","protected":false},"excerpt":{"rendered":"<p>E\u2019 tuttavia possibile utilizzare qualunque altro modulo di ABADAS senza avere acquistato il modulo BORSA di STUDIO, perch\u00e8 sono comunque previste delle funzioni di importazione dei dati da eventuali procedure di gestione del DPCM gi\u00e0 esistenti presso l\u2019Ente e che per qualche motivo non si possano o vogliano sostituire.<\/p>\n","protected":false},"author":1,"featured_media":0,"parent":41,"menu_order":1,"comment_status":"closed","ping_status":"closed","template":"","meta":{"_eb_attr":"","footnotes":""},"tags":[],"class_list":["post-105","page","type-page","status-publish","hentry"],"_links":{"self":[{"href":"https:\/\/www.abadas.it\/index.php\/wp-json\/wp\/v2\/pages\/105","targetHints":{"allow":["GET"]}}],"collection":[{"href":"https:\/\/www.abadas.it\/index.php\/wp-json\/wp\/v2\/pages"}],"about":[{"href":"https:\/\/www.abadas.it\/index.php\/wp-json\/wp\/v2\/types\/page"}],"author":[{"embeddable":true,"href":"https:\/\/www.abadas.it\/index.php\/wp-json\/wp\/v2\/users\/1"}],"replies":[{"embeddable":true,"href":"https:\/\/www.abadas.it\/index.php\/wp-json\/wp\/v2\/comments?post=105"}],"version-history":[{"count":24,"href":"https:\/\/www.abadas.it\/index.php\/wp-json\/wp\/v2\/pages\/105\/revisions"}],"predecessor-version":[{"id":489,"href":"https:\/\/www.abadas.it\/index.php\/wp-json\/wp\/v2\/pages\/105\/revisions\/489"}],"up":[{"embeddable":true,"href":"https:\/\/www.abadas.it\/index.php\/wp-json\/wp\/v2\/pages\/41"}],"wp:attachment":[{"href":"https:\/\/www.abadas.it\/index.php\/wp-json\/wp\/v2\/media?parent=105"}],"wp:term":[{"taxonomy":"post_tag","embeddable":true,"href":"https:\/\/www.abadas.it\/index.php\/wp-json\/wp\/v2\/tags?post=105"}],"curies":[{"name":"wp","href":"https:\/\/api.w.org\/{rel}","templated":true}]}}